{"id":996,"date":"2022-01-02T22:08:38","date_gmt":"2022-01-02T22:08:38","guid":{"rendered":"http:\/\/www.e-jrom.com\/tienda\/?post_type=product&#038;p=996"},"modified":"2022-01-09T15:44:53","modified_gmt":"2022-01-09T15:44:53","slug":"curso-de-testamentos-y-herencias","status":"publish","type":"product","link":"http:\/\/www.e-jrom.com\/tienda\/producto\/curso-de-testamentos-y-herencias\/","title":{"rendered":"CURSO DE TESTAMENTOS Y HERENCIAS"},"content":{"rendered":"<p><span style=\"color: #800000;\"><strong>FINALIDAD<\/strong><\/span>: A trav\u00e9s de este curso profundizar\u00e1s en el estudio de los diversos modelos de testamento, as\u00ed como en todos los l\u00edmites legales que se deber\u00e1n tener en consideraci\u00f3n para confecci\u00f3n de un testamento. Tambi\u00e9n aprender\u00e1s los procedimientos a seguir una vez se produce la defunci\u00f3n del testador hasta que el patrimonio pasa a formar parte de los herederos y legatarios.<\/p>\n<p><span style=\"color: #800000;\"><strong>DURACI\u00d3N ESTIMADA DEL CURSO<\/strong><\/span>: 6 meses.<\/p>\n<h3 style=\"text-align: center;\"><span style=\"color: #3366ff;\"><strong>TEMARIO<\/strong><\/span><\/h3>\n<p style=\"padding-left: 40px;\">I. SISTEMAS SUCESORIOS<\/p>\n<p style=\"padding-left: 40px;\">II. EL HEREDERO<\/p>\n<p style=\"padding-left: 40px;\">III. EL LEGATARIO<\/p>\n<p style=\"padding-left: 40px;\">IV. LA DESIGNACI\u00d3N DE HEREDERO<\/p>\n<p style=\"padding-left: 40px;\">V. LA HERENCIA YACENTE<\/p>\n<p style=\"padding-left: 40px;\">VI. LA ACEPTACI\u00d3N DE LA HERENCIA<\/p>\n<p style=\"padding-left: 40px;\">VII. LA REPUDIACI\u00d3N DE LA HERENCIA<\/p>\n<p style=\"padding-left: 40px;\">VIII. EFECTOS DE LA ACEPTACI\u00d3N.<\/p>\n<p style=\"padding-left: 40px;\">IX. LA PARTICI\u00d3N DE LA HERENCIA.<\/p>\n<p style=\"padding-left: 40px;\">X. LA COLACI\u00d3N<\/p>\n<p>&nbsp;<\/p>\n","protected":false},"excerpt":{"rendered":"<p>Curso dirigido a licenciados en derecho y abogados que deseen una especializaci\u00f3n en derecho de sucesiones.<\/p>\n","protected":false},"featured_media":997,"comment_status":"open","ping_status":"closed","template":"","meta":{"spay_email":""},"product_cat":[64,88],"product_tag":[125,122,120,117,118,121,124,123,119],"class_list":["post-996","product","type-product","status-publish","has-post-thumbnail","hentry","product_cat-derecho","product_cat-derecho-civil","product_tag-abrir-testamento","product_tag-colacion","product_tag-heredero","product_tag-herencia","product_tag-legado","product_tag-legatario","product_tag-sucesion-intestada","product_tag-sucesion-testada","product_tag-testamento"],"_links":{"self":[{"href":"http:\/\/www.e-jrom.com\/tienda\/wp-json\/wp\/v2\/product\/996","targetHints":{"allow":["GET"]}}],"collection":[{"href":"http:\/\/www.e-jrom.com\/tienda\/wp-json\/wp\/v2\/product"}],"about":[{"href":"http:\/\/www.e-jrom.com\/tienda\/wp-json\/wp\/v2\/types\/product"}],"replies":[{"embeddable":true,"href":"http:\/\/www.e-jrom.com\/tienda\/wp-json\/wp\/v2\/comments?post=996"}],"wp:featuredmedia":[{"embeddable":true,"href":"http:\/\/www.e-jrom.com\/tienda\/wp-json\/wp\/v2\/media\/997"}],"wp:attachment":[{"href":"http:\/\/www.e-jrom.com\/tienda\/wp-json\/wp\/v2\/media?parent=996"}],"wp:term":[{"taxonomy":"product_cat","embeddable":true,"href":"http:\/\/www.e-jrom.com\/tienda\/wp-json\/wp\/v2\/product_cat?post=996"},{"taxonomy":"product_tag","embeddable":true,"href":"http:\/\/www.e-jrom.com\/tienda\/wp-json\/wp\/v2\/product_tag?post=996"}],"curies":[{"name":"wp","href":"https:\/\/api.w.org\/{rel}","templated":true}]}}