{"id":1300,"date":"2022-01-08T19:56:43","date_gmt":"2022-01-08T19:56:43","guid":{"rendered":"http:\/\/www.e-jrom.com\/tienda\/?post_type=product&#038;p=1300"},"modified":"2022-01-09T15:42:26","modified_gmt":"2022-01-09T15:42:26","slug":"curso-de-derivados-financieros","status":"publish","type":"product","link":"http:\/\/www.e-jrom.com\/tienda\/producto\/curso-de-derivados-financieros\/","title":{"rendered":"CURSO DE DERIVADOS FINANCIEROS"},"content":{"rendered":"<p><span style=\"color: #800000;\"><strong>FINALIDAD<\/strong><\/span>: A trav\u00e9s de este curso podr\u00e1s cononcer\u00e1s la operativa de los derivados financieros, c\u00f3mo invertir directamente en ellos con finalidades especulativas o como utilizar este producto con finalidades de cobertura de otros contratos.<\/p>\n<p><span style=\"color: #800000;\"><strong>DURACI\u00d3N ESTIMADA DEL CURSO<\/strong><\/span>: 5 meses.<\/p>\n<h3 style=\"text-align: center;\"><span style=\"color: #0000ff;\"><strong>TEMARIO<\/strong><\/span><\/h3>\n<p>I. DEFINICI\u00d3N DE LOS PRODUCTOS ESTRUCTURADOS<\/p>\n<p>II. TIPOLOG\u00cdA DE PRODUCTOS ESTRUCTURADOS SEG\u00daN EL BINOMIO RENTABILIDAD-RIESGO<\/p>\n<p>III. SUBYACENTES DE REFERENCIA<\/p>\n<p>IV. INSTRUMENTOS DERIVADOS A INCORPORAR<\/p>\n<p>V. SOPORTES DE EMISI\u00d3N<\/p>\n<p>VI. OBJETIVOS DE LAS ENTIDADES FINANCIERAS AL COMERCIALIZAR PRODUCTOS ESTRUCTURADOS.<\/p>\n","protected":false},"excerpt":{"rendered":"<p>Curso dirigido a todas aquellas personas que trabajan en el \u00e1mbito financiero (bancos, entidades de financiaci\u00f3n, entidades gestoras, compa\u00f1\u00edas de seguros), as\u00ed como en consultor\u00edas financieras.<\/p>\n","protected":false},"featured_media":1301,"comment_status":"open","ping_status":"closed","template":"","meta":{"spay_email":""},"product_cat":[67,68],"product_tag":[77,105,106,108,110,107,109],"class_list":["post-1300","product","type-product","status-publish","has-post-thumbnail","hentry","product_cat-finanzas","product_cat-renta_fija_y_renta_variable","product_tag-bolsa","product_tag-derivados","product_tag-especulacion","product_tag-futuros","product_tag-mercados-financieros","product_tag-opciones","product_tag-saps"],"_links":{"self":[{"href":"http:\/\/www.e-jrom.com\/tienda\/wp-json\/wp\/v2\/product\/1300","targetHints":{"allow":["GET"]}}],"collection":[{"href":"http:\/\/www.e-jrom.com\/tienda\/wp-json\/wp\/v2\/product"}],"about":[{"href":"http:\/\/www.e-jrom.com\/tienda\/wp-json\/wp\/v2\/types\/product"}],"replies":[{"embeddable":true,"href":"http:\/\/www.e-jrom.com\/tienda\/wp-json\/wp\/v2\/comments?post=1300"}],"wp:featuredmedia":[{"embeddable":true,"href":"http:\/\/www.e-jrom.com\/tienda\/wp-json\/wp\/v2\/media\/1301"}],"wp:attachment":[{"href":"http:\/\/www.e-jrom.com\/tienda\/wp-json\/wp\/v2\/media?parent=1300"}],"wp:term":[{"taxonomy":"product_cat","embeddable":true,"href":"http:\/\/www.e-jrom.com\/tienda\/wp-json\/wp\/v2\/product_cat?post=1300"},{"taxonomy":"product_tag","embeddable":true,"href":"http:\/\/www.e-jrom.com\/tienda\/wp-json\/wp\/v2\/product_tag?post=1300"}],"curies":[{"name":"wp","href":"https:\/\/api.w.org\/{rel}","templated":true}]}}