{"id":1082,"date":"2022-01-03T20:55:58","date_gmt":"2022-01-03T20:55:58","guid":{"rendered":"http:\/\/www.e-jrom.com\/tienda\/?post_type=product&#038;p=1082"},"modified":"2022-01-09T15:45:42","modified_gmt":"2022-01-09T15:45:42","slug":"curso-de-calculo-financiero","status":"publish","type":"product","link":"http:\/\/www.e-jrom.com\/tienda\/producto\/curso-de-calculo-financiero\/","title":{"rendered":"CURSO DE C\u00c1LCULO FINANCIERO"},"content":{"rendered":"<p><span style=\"color: #800000;\"><strong>FINALIDAD<\/strong><\/span>: A trav\u00e9s de este curso podr\u00e1s aprender a realizar los c\u00e1lculos necesarios para analizar operaciones financieras tanto del \u00e1mbito de la renta variable, como de la renta fija, as\u00ed como en las operaciones de capitalizaci\u00f3n de seguros y de financiaci\u00f3n.<\/p>\n<p><span style=\"color: #800000;\"><strong>DURACI\u00d3N ESTIMADA DEL CURSO<\/strong><\/span>: 3 meses.<\/p>\n<h3 style=\"text-align: center;\"><span style=\"color: #3366ff;\"><strong>TEMARIO<\/strong><\/span><\/h3>\n<p style=\"padding-left: 40px;\">I. CONCEPTOS B\u00c1SICOS: CAPITAL FINANCIERO Y OPERACIONES FINANCIERAS<\/p>\n<p style=\"padding-left: 40px;\">II. CAPITALZACI\u00d3N Y ACTUALIZACI\u00d3N SIMPLE<\/p>\n<p style=\"padding-left: 40px;\">III. CAPITALIZACI\u00d3N Y ACTUALIZACI\u00d3N COMPUESTA<\/p>\n<p style=\"padding-left: 40px;\">IV. LA RENTABILIDAD DE LAS OPERACIONES FINANCIERAS<\/p>\n<p style=\"padding-left: 40px;\">V. RENTAS FINANCIERAS CONSTANTES<\/p>\n<p style=\"padding-left: 40px;\">VI. EL CALCULO FINANCIERO APLICADO A LAS INVERSIONES BURS\u00c1TILES.<\/p>\n<p style=\"padding-left: 40px;\">VII. EL C\u00c1LCULO FINANCIERO Y EL SISTEMA BANCARIO<\/p>\n<p>&nbsp;<\/p>\n","protected":false},"excerpt":{"rendered":"<p>Curso dirigido a todas aquellas personas que trabajan en el \u00e1mbito financiero (bancos, entidades de financiaci\u00f3n, entidades gestoras, compa\u00f1\u00edas de seguros), as\u00ed como en consultor\u00edas financieras o en despachos de abogados y deban realizar c\u00e1lculos financieros en sus procesos judiciales.<\/p>\n","protected":false},"featured_media":1083,"comment_status":"open","ping_status":"closed","template":"","meta":{"spay_email":""},"product_cat":[67,96],"product_tag":[92,91,76,126],"class_list":["post-1082","product","type-product","status-publish","has-post-thumbnail","hentry","product_cat-finanzas","product_cat-planificacion-financiera","product_tag-calculo","product_tag-calculo-financiero","product_tag-finanzas","product_tag-metodo-frances"],"_links":{"self":[{"href":"http:\/\/www.e-jrom.com\/tienda\/wp-json\/wp\/v2\/product\/1082","targetHints":{"allow":["GET"]}}],"collection":[{"href":"http:\/\/www.e-jrom.com\/tienda\/wp-json\/wp\/v2\/product"}],"about":[{"href":"http:\/\/www.e-jrom.com\/tienda\/wp-json\/wp\/v2\/types\/product"}],"replies":[{"embeddable":true,"href":"http:\/\/www.e-jrom.com\/tienda\/wp-json\/wp\/v2\/comments?post=1082"}],"wp:featuredmedia":[{"embeddable":true,"href":"http:\/\/www.e-jrom.com\/tienda\/wp-json\/wp\/v2\/media\/1083"}],"wp:attachment":[{"href":"http:\/\/www.e-jrom.com\/tienda\/wp-json\/wp\/v2\/media?parent=1082"}],"wp:term":[{"taxonomy":"product_cat","embeddable":true,"href":"http:\/\/www.e-jrom.com\/tienda\/wp-json\/wp\/v2\/product_cat?post=1082"},{"taxonomy":"product_tag","embeddable":true,"href":"http:\/\/www.e-jrom.com\/tienda\/wp-json\/wp\/v2\/product_tag?post=1082"}],"curies":[{"name":"wp","href":"https:\/\/api.w.org\/{rel}","templated":true}]}}